{"id":197,"date":"2021-05-05T16:36:11","date_gmt":"2021-05-05T16:36:11","guid":{"rendered":"https:\/\/comsigomaissaude.pt\/?page_id=197"},"modified":"2022-03-04T12:58:59","modified_gmt":"2022-03-04T12:58:59","slug":"elementor-197","status":"publish","type":"page","link":"https:\/\/comsigomaissaude.pt\/?page_id=197","title":{"rendered":"Empresa"},"content":{"rendered":"\t\t<div data-elementor-type=\"wp-page\" data-elementor-id=\"197\" class=\"elementor elementor-197\">\n\t\t\t\t\t\t<section class=\"elementor-section elementor-top-section elementor-element elementor-element-bcbccd3 elementor-section-full_width elementor-section-stretched elementor-section-height-default elementor-section-height-default\" data-id=\"bcbccd3\" data-element_type=\"section\" data-settings=\"{&quot;background_background&quot;:&quot;classic&quot;,&quot;stretch_section&quot;:&quot;section-stretched&quot;}\">\n\t\t\t\t\t\t\t<div class=\"elementor-background-overlay\"><\/div>\n\t\t\t\t\t\t\t<div class=\"elementor-container elementor-column-gap-default\">\n\t\t\t\t\t<div class=\"elementor-column elementor-col-100 elementor-top-column elementor-element elementor-element-a53d471\" data-id=\"a53d471\" data-element_type=\"column\" data-settings=\"{&quot;background_background&quot;:&quot;classic&quot;}\">\n\t\t\t<div class=\"elementor-widget-wrap elementor-element-populated\">\n\t\t\t\t\t\t<div class=\"elementor-element elementor-element-496cd3b elementor-widget elementor-widget-heading\" data-id=\"496cd3b\" data-element_type=\"widget\" data-widget_type=\"heading.default\">\n\t\t\t\t<div class=\"elementor-widget-container\">\n\t\t\t<h4 class=\"elementor-heading-title elementor-size-default\">CUIDADOS \u00a0M\u00c9DICOS E OUTROS SERVI\u00c7OS DE SA\u00daDE \u00a0PARA O SEU BEM-ESTAR<br><\/h4>\t\t<\/div>\n\t\t\t\t<\/div>\n\t\t\t\t<section class=\"elementor-section elementor-inner-section elementor-element elementor-element-b06785e elementor-section-boxed elementor-section-height-default elementor-section-height-default\" data-id=\"b06785e\" data-element_type=\"section\" data-settings=\"{&quot;background_background&quot;:&quot;classic&quot;}\">\n\t\t\t\t\t\t<div class=\"elementor-container elementor-column-gap-default\">\n\t\t\t\t\t<div class=\"elementor-column elementor-col-100 elementor-inner-column elementor-element elementor-element-3fef6e0\" data-id=\"3fef6e0\" data-element_type=\"column\">\n\t\t\t<div class=\"elementor-widget-wrap\">\n\t\t\t\t\t\t\t<\/div>\n\t\t<\/div>\n\t\t\t\t\t<\/div>\n\t\t<\/section>\n\t\t\t\t<div class=\"elementor-element elementor-element-dd3448b elementor-align-center animated-slow elementor-invisible elementor-widget elementor-widget-button\" data-id=\"dd3448b\" data-element_type=\"widget\" data-settings=\"{&quot;_animation&quot;:&quot;slideInUp&quot;}\" data-widget_type=\"button.default\">\n\t\t\t\t<div class=\"elementor-widget-container\">\n\t\t\t\t\t<div class=\"elementor-button-wrapper\">\n\t\t\t<a class=\"elementor-button elementor-button-link elementor-size-xl elementor-animation-pulse-grow\" href=\"tel:+351928112728\">\n\t\t\t\t\t\t<span class=\"elementor-button-content-wrapper\">\n\t\t\t\t\t\t<span class=\"elementor-button-icon\">\n\t\t\t\t<i aria-hidden=\"true\" class=\"fas fa-phone-volume\"><\/i>\t\t\t<\/span>\n\t\t\t\t\t\t\t\t\t<span class=\"elementor-button-text\">928 11 27 28<\/span>\n\t\t\t\t\t<\/span>\n\t\t\t\t\t<\/a>\n\t\t<\/div>\n\t\t\t\t<\/div>\n\t\t\t\t<\/div>\n\t\t\t\t<div class=\"elementor-element elementor-element-9ad9e36 elementor-widget elementor-widget-heading\" data-id=\"9ad9e36\" data-element_type=\"widget\" data-widget_type=\"heading.default\">\n\t\t\t\t<div class=\"elementor-widget-container\">\n\t\t\t<span class=\"elementor-heading-title elementor-size-default\"><br>Cuidados de Sa\u00fade ao  domic\u00edlo\n\n<br><\/span>\t\t<\/div>\n\t\t\t\t<\/div>\n\t\t\t\t\t<\/div>\n\t\t<\/div>\n\t\t\t\t\t<\/div>\n\t\t<\/section>\n\t\t\t\t<section class=\"elementor-section elementor-top-section elementor-element elementor-element-305907b elementor-section-boxed elementor-section-height-default elementor-section-height-default\" data-id=\"305907b\" data-element_type=\"section\" data-settings=\"{&quot;background_background&quot;:&quot;classic&quot;}\">\n\t\t\t\t\t\t\t<div class=\"elementor-background-overlay\"><\/div>\n\t\t\t\t\t\t\t<div class=\"elementor-container elementor-column-gap-default\">\n\t\t\t\t\t<div class=\"elementor-column elementor-col-100 elementor-top-column elementor-element elementor-element-0cce58d\" data-id=\"0cce58d\" data-element_type=\"column\" data-settings=\"{&quot;background_background&quot;:&quot;gradient&quot;}\">\n\t\t\t<div class=\"elementor-widget-wrap elementor-element-populated\">\n\t\t\t\t\t\t<div class=\"elementor-element elementor-element-fd92f62 elementor-widget elementor-widget-text-editor\" data-id=\"fd92f62\" data-element_type=\"widget\" data-widget_type=\"text-editor.default\">\n\t\t\t\t<div class=\"elementor-widget-container\">\n\t\t\t\t\t\t\t<h3><span style=\"font-size: 4rem; letter-spacing: -0.0415625em; text-align: inherit; font-family: var( --e-global-typography-text-font-family ), Sans-serif;\">ComSigo+Saude&nbsp;<\/span><br><\/h3>\t\t\t\t\t\t<\/div>\n\t\t\t\t<\/div>\n\t\t\t\t<div class=\"elementor-element elementor-element-e73ab40 elementor-widget elementor-widget-heading\" data-id=\"e73ab40\" data-element_type=\"widget\" data-widget_type=\"heading.default\">\n\t\t\t\t<div class=\"elementor-widget-container\">\n\t\t\t<h4 class=\"elementor-heading-title elementor-size-default\"><br><br>QUEM SOMOS<\/h4>\t\t<\/div>\n\t\t\t\t<\/div>\n\t\t\t\t<div class=\"elementor-element elementor-element-9f6f85c elementor-widget elementor-widget-text-editor\" data-id=\"9f6f85c\" data-element_type=\"widget\" data-widget_type=\"text-editor.default\">\n\t\t\t\t<div class=\"elementor-widget-container\">\n\t\t\t\t\t\t\t<div class=\"et_pb_module et_pb_text et_pb_text_1 et_pb_text_align_justified et_pb_bg_layout_light\"><div class=\"et_pb_text_inner\"><p>A <strong>ConSigo+Sa\u00fade<\/strong> \u00e9 uma empresa especializada e vocacionada para a presta\u00e7\u00e3o de Cuidados de Sa\u00fade ao domic\u00edlio, priorizando sempre a excel\u00eancia nos seus servi\u00e7os, garantido a total seguran\u00e7a na comodidade do seu lar. Trabalhamos na regi\u00e3o da Grande Lisboa e arredores.<\/p><p>A nossa equipa \u00e9 muito profissional, com altos n\u00edveis de rendimento, prof\u00edcua, respons\u00e1vel, discreta e \u00e1vida na procura de solu\u00e7\u00f5es para problemas apresentados.<\/p><p>A <strong>ComSigo+Sa\u00fade\u00a0<\/strong>disp\u00f5e de Enfermeiros Coordenadores que realizam uma an\u00e1lise e diagn\u00f3stico telef\u00f3nico ou presencial, por forma a disponibilizar todos os servi\u00e7os necess\u00e1rios e adequados para corresponder com efic\u00e1cia \u00e0s necessidades apresentadas.<\/p><\/div><\/div>\t\t\t\t\t\t<\/div>\n\t\t\t\t<\/div>\n\t\t\t\t<div class=\"elementor-element elementor-element-8048d3e elementor-widget elementor-widget-heading\" data-id=\"8048d3e\" data-element_type=\"widget\" data-widget_type=\"heading.default\">\n\t\t\t\t<div class=\"elementor-widget-container\">\n\t\t\t<h4 class=\"elementor-heading-title elementor-size-default\"><br>VIS\u00c3O<\/h4>\t\t<\/div>\n\t\t\t\t<\/div>\n\t\t\t\t<div class=\"elementor-element elementor-element-43eb9c8 elementor-widget elementor-widget-text-editor\" data-id=\"43eb9c8\" data-element_type=\"widget\" data-widget_type=\"text-editor.default\">\n\t\t\t\t<div class=\"elementor-widget-container\">\n\t\t\t\t\t\t\t<div class=\"et_pb_module et_pb_text et_pb_text_0 et_pb_text_align_center et_pb_bg_layout_light\"><div class=\"et_pb_text_inner\"><p>Ser a sua empresa de refer\u00eancia para a presta\u00e7\u00e3o de todo e qualquer servi\u00e7o de apoio e cuidados de Sa\u00fade domicili\u00e1rios a pessoas de todas as faixas et\u00e1rias, independentemente das suas condi\u00e7\u00f5es f\u00edsicas ou psicol\u00f3gicas.<\/p><p>Proporcionar aos nossos clientes e ao seu agregado familiar \u00a0a plenitude do bem-estar f\u00edsico, psicol\u00f3gico e social.<\/p><\/div><\/div>\t\t\t\t\t\t<\/div>\n\t\t\t\t<\/div>\n\t\t\t\t<div class=\"elementor-element elementor-element-4edf0eb elementor-widget elementor-widget-heading\" data-id=\"4edf0eb\" data-element_type=\"widget\" data-widget_type=\"heading.default\">\n\t\t\t\t<div class=\"elementor-widget-container\">\n\t\t\t<h4 class=\"elementor-heading-title elementor-size-default\"><br>MISS\u00c3O<\/h4>\t\t<\/div>\n\t\t\t\t<\/div>\n\t\t\t\t<div class=\"elementor-element elementor-element-2606821 elementor-widget elementor-widget-text-editor\" data-id=\"2606821\" data-element_type=\"widget\" data-widget_type=\"text-editor.default\">\n\t\t\t\t<div class=\"elementor-widget-container\">\n\t\t\t\t\t\t\t<div class=\"et_pb_module et_pb_text et_pb_text_0 et_pb_text_align_center et_pb_bg_layout_light\"><div class=\"et_pb_text_inner\"><p>Almejar o sentimento de plenitude e satisfa\u00e7\u00e3o de dever excelentemente bem cumprido na presta\u00e7\u00e3o de todos os nossos servi\u00e7os.<\/p><\/div><p>\u00a0<\/p><\/div>\t\t\t\t\t\t<\/div>\n\t\t\t\t<\/div>\n\t\t\t\t<div class=\"elementor-element elementor-element-03aad7f elementor-widget elementor-widget-heading\" data-id=\"03aad7f\" data-element_type=\"widget\" data-widget_type=\"heading.default\">\n\t\t\t\t<div class=\"elementor-widget-container\">\n\t\t\t<h4 class=\"elementor-heading-title elementor-size-default\"><br>VALORES<\/h4>\t\t<\/div>\n\t\t\t\t<\/div>\n\t\t\t\t<div class=\"elementor-element elementor-element-110204e elementor-widget elementor-widget-text-editor\" data-id=\"110204e\" data-element_type=\"widget\" data-widget_type=\"text-editor.default\">\n\t\t\t\t<div class=\"elementor-widget-container\">\n\t\t\t\t\t\t\t<div class=\"et_pb_module et_pb_text et_pb_text_0 et_pb_text_align_center et_pb_bg_layout_light\"><div class=\"et_pb_text_inner\"><p>Prestar todos os Cuidados de Sa\u00fade ao Corpo e \u00e0 Mente que podem ser servi\u00e7os pontuais ou assistenciais at\u00e9\u00a024 horas\/dia, proporcionando uma assist\u00eancia altamente personalizada, c\u00e9lere e eficiente.<\/p><p>Garantir a plena satisfa\u00e7\u00e3o dos clientes e seus familiares, sempre com a perspetiva de promover n\u00e3o s\u00f3 o bem-estar, bem como, a autonomia da pessoa.<\/p><\/div><\/div>\t\t\t\t\t\t<\/div>\n\t\t\t\t<\/div>\n\t\t\t\t\t<\/div>\n\t\t<\/div>\n\t\t\t\t\t<\/div>\n\t\t<\/section>\n\t\t\t\t<\/div>\n\t\t","protected":false},"excerpt":{"rendered":"<p>CUIDADOS \u00a0M\u00c9DICOS E OUTROS SERVI\u00c7OS DE SA\u00daDE \u00a0PARA O SEU BEM-ESTAR 928 11 27 28 Cuidados de Sa\u00fade ao domic\u00edlo ComSigo+Saude&nbsp; QUEM SOMOS A ConSigo+Sa\u00fade \u00e9 uma empresa especializada e vocacionada para a presta\u00e7\u00e3o de Cuidados de Sa\u00fade ao domic\u00edlio, priorizando sempre a excel\u00eancia nos seus servi\u00e7os, garantido a total seguran\u00e7a na comodidade do seu [&hellip;]<\/p>\n","protected":false},"author":1,"featured_media":0,"parent":0,"menu_order":0,"comment_status":"closed","ping_status":"closed","template":"elementor_header_footer","meta":{"_locale":"","_original_post":"","two_page_speed":[],"footnotes":""},"class_list":["post-197","page","type-page","status-publish","hentry","pt-PT"],"_links":{"self":[{"href":"https:\/\/comsigomaissaude.pt\/index.php?rest_route=\/wp\/v2\/pages\/197","targetHints":{"allow":["GET"]}}],"collection":[{"href":"https:\/\/comsigomaissaude.pt\/index.php?rest_route=\/wp\/v2\/pages"}],"about":[{"href":"https:\/\/comsigomaissaude.pt\/index.php?rest_route=\/wp\/v2\/types\/page"}],"author":[{"embeddable":true,"href":"https:\/\/comsigomaissaude.pt\/index.php?rest_route=\/wp\/v2\/users\/1"}],"replies":[{"embeddable":true,"href":"https:\/\/comsigomaissaude.pt\/index.php?rest_route=%2Fwp%2Fv2%2Fcomments&post=197"}],"version-history":[{"count":96,"href":"https:\/\/comsigomaissaude.pt\/index.php?rest_route=\/wp\/v2\/pages\/197\/revisions"}],"predecessor-version":[{"id":865,"href":"https:\/\/comsigomaissaude.pt\/index.php?rest_route=\/wp\/v2\/pages\/197\/revisions\/865"}],"wp:attachment":[{"href":"https:\/\/comsigomaissaude.pt\/index.php?rest_route=%2Fwp%2Fv2%2Fmedia&parent=197"}],"curies":[{"name":"wp","href":"https:\/\/api.w.org\/{rel}","templated":true}]}}